{"id":1257,"date":"2013-07-29T14:57:05","date_gmt":"2013-07-29T12:57:05","guid":{"rendered":"http:\/\/wp1117171.server-he.de\/thinksbtf\/thinking\/?page_id=1257"},"modified":"2023-08-08T12:22:34","modified_gmt":"2023-08-08T10:22:34","slug":"patient-totkonfiguriert","status":"publish","type":"page","link":"https:\/\/thinking.holistic-net.de\/?page_id=1257&lang=de","title":{"rendered":"Patient totkonfiguriert"},"content":{"rendered":"<p>Der Gesundheitszustands meines Notebook spielt eine gro\u00dfe Rolle in meiner t\u00e4glichen Arbeit. Da die t\u00e4gliche Arbeit mehr Lebenszeit in\u00a0 Anspruch nimmt als mir lieb ist, wabert der Gesundheitszustand dieses schn\u00f6den Lenovo T420 auch in mein allgemeines Wohlbefinden. \u00dcberhaupt beeintr\u00e4chtigt es die Work-Life-Balance, wenn eines dieser Mist-Ger\u00e4te, mit denen wir uns umgeben, nicht richtig funktioniert. Ob es das Notebook, das iPad, das SmartPhone, der heimische Access Point oder der Kabelfernsehanschlu\u00df ist, wenn irgend etwas nicht rund l\u00e4uft, schlafen wir schlecht. Vor einiger Zeit erlebte ich wegen eines mobilen TomTom-Navigationssystem, das den Dienst verweigerte, derart eisige Stimmung im Auto, da\u00df man eine Stecknadel h\u00e4tte fallen h\u00f6ren. Gerade diese wurde gebraucht, um ein hard reset des TomTom zu bewerkstelligen.<\/p>\n<p><img loading=\"lazy\" decoding=\"async\" alt=\"2_2013\" src=\"http:\/\/wp1117171.wp112.webpack.hosteurope.de\/thinksbtf\/thinking\/wp-content\/uploads\/2013\/07\/2_2013.jpg\" width=\"570\" height=\"75\" \/><\/p>\n<p>Zur\u00fcck zum Notebook. Der Gesundheitszustand meines Notebooks macht mir Sorgen. Mancher Freund w\u00fcrde mir raten: \u201eKauf dir ein Neues!\u201c. Dadurch wird das Problem aber nicht gel\u00f6st. Der Grund f\u00fcr den kritischen Zustand ist die in den letzten Monaten flutartig angestiegene Installation von unterschiedlichen VPN- und Instant-Messaging-Produkten.<\/p>\n<p>Mein unfreiwilliger Bedarf sieht wie folgt aus:<\/p>\n<ul>\n<li>Cisco VPN Client zu Kunde A<\/li>\n<li>Open VPN Client zu Kunde B<\/li>\n<li>Check Point VPN Client zu Kunde C<\/li>\n<li>Sophos SSL zum Zugang ins eigene VPN<\/li>\n<li>IBM Sametime zur internen Kommunikation, EULUC und diversen Partnern<\/li>\n<li>Skype als einziger Instant-Communication-Channel zu Kunde C und diversen Partner<\/li>\n<li>Microsoft Lync als einziger Instant-Communication-Channel zu Kunde B<\/li>\n<\/ul>\n<p>Die Widgets in\u00a0 der Notes 9-Sidebar haben ebenfalls intensiven eigenst\u00e4ndigen Kommunikationsbedarf. Sobald ich in irgendeines der VPNs abtauche, melden sie sich w\u00fctend mit der Forderung nach Credentials, die nat\u00fcrlich im Kunde-VPN nicht funktionieren. Bei manchen Programmen muss man x-mal Cancel dr\u00fccken, bis es endlich Ruhe gibt. Anschlie\u00dfend jumpe ich \u00fcber kaskadierte Terminalserver durch das Kunden-VPN. Ich k\u00f6nnte das stolz am abendlichen K\u00fcchentisch erz\u00e4hlen, aber das Interesse meiner Gattin an diesen Reisen durch die Netzwelt ist gelinde gesagt gering.<\/p>\n<p>Jedes installierte Programm mu\u00df tausendmal am Tag \u00fcber das Internet Kontakt mit dem Mutterschiff aufnehmen, um dann meinen Rechner mit diffusen Updates voll zu m\u00fcllen. Ich k\u00f6nnte jedenfalls einen F\u00f6n-Gro\u00dfhandel er\u00f6ffnen, wenn ich alle gef\u00fchlten F\u00f6ns bekommen h\u00e4tte. Ein besonderer Spa\u00df besteht seit einigen\u00a0 Wochen darin, da\u00df bei allen m\u00f6glichen Aktionen der Lync-Client hochpoppt. Wie Kai aus der Kiste. Keine Ahnung mit was das zusammenh\u00e4ngt. Und zur Feier des Tages gibt es dann mal wieder einen Bluescreen. Manchmal bekomme ich den Bluescreen nicht sofort mit, da er sich auf dem Notebook am Rande meines Blickfeldes abspielt, w\u00e4hrend ich noch verzweifelt mit der Maus auf dem gro\u00dfen Bildschirm herumfuchtele. Schreikr\u00e4mpfe sind die unweigerliche Folge. Mein Leib-Admin kommt mit den Herztabletten angerannt und versucht das Schlimmste zu verhindern. Ein Defibrillator steht im Investitionsplan. Vielleicht l\u00e4\u00dft sich auch ein Ger\u00e4t in einer U-Bahn-Station abmontieren, aber die sind Kamera-\u00fcberwacht.<\/p>\n<p>Unterm Strich ich habe nicht das Gef\u00fchl, da\u00df ich IT-m\u00e4\u00dfig heute solider unterwegs bin als vor einigen Jahren. Man nennt es wohl Fortschritt.<\/p>\n<p style=\"text-align: right;\"><a href=\"https:\/\/thinking.holistic-net.de\/?page_id=1712\" rel=\"attachment wp-att-759\"><img loading=\"lazy\" decoding=\"async\" class=\"alignnone size-full wp-image-759\" alt=\"Glosse_Pfeil\" src=\"https:\/\/thinking.holistic-net.de\/wp-content\/uploads\/2013\/01\/Glosse_Pfeil1.jpg\" width=\"129\" height=\"17\" \/><\/a><\/p>\n","protected":false},"excerpt":{"rendered":"<p>Der Gesundheitszustands meines Notebook spielt eine gro\u00dfe Rolle in meiner t\u00e4glichen Arbeit. Da die t\u00e4gliche Arbeit mehr Lebenszeit in\u00a0 Anspruch nimmt als mir lieb ist, wabert der Gesundheitszustand dieses schn\u00f6den Lenovo T420 auch in mein allgemeines Wohlbefinden. \u00dcberhaupt beeintr\u00e4chtigt es &hellip; <a href=\"https:\/\/thinking.holistic-net.de\/?page_id=1257&#038;lang=de\">Weiterlesen <span class=\"meta-nav\">&rarr;<\/span><\/a><\/p>\n","protected":false},"author":7,"featured_media":0,"parent":552,"menu_order":0,"comment_status":"open","ping_status":"closed","template":"","meta":{"footnotes":""},"class_list":["post-1257","page","type-page","status-publish","hentry"],"_links":{"self":[{"href":"https:\/\/thinking.holistic-net.de\/index.php?rest_route=\/wp\/v2\/pages\/1257","targetHints":{"allow":["GET"]}}],"collection":[{"href":"https:\/\/thinking.holistic-net.de\/index.php?rest_route=\/wp\/v2\/pages"}],"about":[{"href":"https:\/\/thinking.holistic-net.de\/index.php?rest_route=\/wp\/v2\/types\/page"}],"author":[{"embeddable":true,"href":"https:\/\/thinking.holistic-net.de\/index.php?rest_route=\/wp\/v2\/users\/7"}],"replies":[{"embeddable":true,"href":"https:\/\/thinking.holistic-net.de\/index.php?rest_route=%2Fwp%2Fv2%2Fcomments&post=1257"}],"version-history":[{"count":6,"href":"https:\/\/thinking.holistic-net.de\/index.php?rest_route=\/wp\/v2\/pages\/1257\/revisions"}],"predecessor-version":[{"id":1260,"href":"https:\/\/thinking.holistic-net.de\/index.php?rest_route=\/wp\/v2\/pages\/1257\/revisions\/1260"}],"up":[{"embeddable":true,"href":"https:\/\/thinking.holistic-net.de\/index.php?rest_route=\/wp\/v2\/pages\/552"}],"wp:attachment":[{"href":"https:\/\/thinking.holistic-net.de\/index.php?rest_route=%2Fwp%2Fv2%2Fmedia&parent=1257"}],"curies":[{"name":"wp","href":"https:\/\/api.w.org\/{rel}","templated":true}]}}