{"id":122,"date":"2013-01-17T11:47:13","date_gmt":"2013-01-17T11:47:13","guid":{"rendered":"http:\/\/wp1117171.wp153.webpack.hosteurope.de\/thinksbtf\/thinking\/?page_id=122"},"modified":"2013-01-18T17:04:56","modified_gmt":"2013-01-18T17:04:56","slug":"2001-2","status":"publish","type":"page","link":"https:\/\/thinking.holistic-net.de\/?page_id=122&lang=de","title":{"rendered":"2001"},"content":{"rendered":"<p><a href=\"http:\/\/wp1117171.wp112.webpack.hosteurope.de\/thinksbtf\/thinking\/?page_id=201\">Die Sitten verrohen oder das Niveau sinkt unter den Kanaldeckel!<\/p>\n<p><\/a><a href=\"http:\/\/wp1117171.wp112.webpack.hosteurope.de\/thinksbtf\/thinking\/?page_id=203\">Der moderne M\u00fclleimer<\/p>\n<p><\/a><a href=\"http:\/\/wp1117171.wp112.webpack.hosteurope.de\/thinksbtf\/thinking\/?page_id=205\">Quo vadis, Lotus?<\/p>\n<p><\/a><a href=\"http:\/\/wp1117171.wp112.webpack.hosteurope.de\/thinksbtf\/thinking\/?page_id=207\">Geheimnisvolle Vertriebserfolge<\/p>\n<p><\/a><a href=\"http:\/\/wp1117171.wp112.webpack.hosteurope.de\/thinksbtf\/thinking\/?page_id=209\">Theorie und Praxis im Projektgesch\u00e4ft: Top-down oder Bottom-up<\/p>\n<p><\/a><a href=\"http:\/\/wp1117171.wp112.webpack.hosteurope.de\/thinksbtf\/thinking\/?page_id=211\">Raus aus dem Jammertal!<\/p>\n<p><\/a><a href=\"http:\/\/wp1117171.wp112.webpack.hosteurope.de\/thinksbtf\/thinking\/?page_id=213\">Die Glosse danach<\/p>\n<p><\/a><a href=\"http:\/\/wp1117171.wp112.webpack.hosteurope.de\/thinksbtf\/thinking\/?page_id=215\">\u00dcbergangszeiten<\/p>\n<p><\/a><\/p>\n","protected":false},"excerpt":{"rendered":"<p>Die Sitten verrohen oder das Niveau sinkt unter den Kanaldeckel! Der moderne M\u00fclleimer Quo vadis, Lotus? Geheimnisvolle Vertriebserfolge Theorie und Praxis im Projektgesch\u00e4ft: Top-down oder Bottom-up Raus aus dem Jammertal! Die Glosse danach \u00dcbergangszeiten<\/p>\n","protected":false},"author":1,"featured_media":0,"parent":453,"menu_order":22,"comment_status":"closed","ping_status":"closed","template":"","meta":{"footnotes":""},"class_list":["post-122","page","type-page","status-publish","hentry"],"_links":{"self":[{"href":"https:\/\/thinking.holistic-net.de\/index.php?rest_route=\/wp\/v2\/pages\/122","targetHints":{"allow":["GET"]}}],"collection":[{"href":"https:\/\/thinking.holistic-net.de\/index.php?rest_route=\/wp\/v2\/pages"}],"about":[{"href":"https:\/\/thinking.holistic-net.de\/index.php?rest_route=\/wp\/v2\/types\/page"}],"author":[{"embeddable":true,"href":"https:\/\/thinking.holistic-net.de\/index.php?rest_route=\/wp\/v2\/users\/1"}],"replies":[{"embeddable":true,"href":"https:\/\/thinking.holistic-net.de\/index.php?rest_route=%2Fwp%2Fv2%2Fcomments&post=122"}],"version-history":[{"count":5,"href":"https:\/\/thinking.holistic-net.de\/index.php?rest_route=\/wp\/v2\/pages\/122\/revisions"}],"predecessor-version":[{"id":428,"href":"https:\/\/thinking.holistic-net.de\/index.php?rest_route=\/wp\/v2\/pages\/122\/revisions\/428"}],"up":[{"embeddable":true,"href":"https:\/\/thinking.holistic-net.de\/index.php?rest_route=\/wp\/v2\/pages\/453"}],"wp:attachment":[{"href":"https:\/\/thinking.holistic-net.de\/index.php?rest_route=%2Fwp%2Fv2%2Fmedia&parent=122"}],"curies":[{"name":"wp","href":"https:\/\/api.w.org\/{rel}","templated":true}]}}