{"id":116,"date":"2013-01-17T11:41:06","date_gmt":"2013-01-17T11:41:06","guid":{"rendered":"http:\/\/wp1117171.wp153.webpack.hosteurope.de\/thinksbtf\/thinking\/?page_id=116"},"modified":"2013-01-18T17:05:48","modified_gmt":"2013-01-18T17:05:48","slug":"2004-2","status":"publish","type":"page","link":"https:\/\/thinking.holistic-net.de\/?page_id=116&lang=de","title":{"rendered":"2004"},"content":{"rendered":"<p><a href=\"http:\/\/wp1117171.wp112.webpack.hosteurope.de\/thinksbtf\/thinking\/?page_id=264\">Buchen Sie eine Java-Schulung!<\/a><\/p>\n<p><a href=\"http:\/\/wp1117171.wp112.webpack.hosteurope.de\/thinksbtf\/thinking\/?page_id=266\">Vom Mail-Kollaps und anderem<\/a><\/p>\n<p><a href=\"http:\/\/wp1117171.wp112.webpack.hosteurope.de\/thinksbtf\/thinking\/?page_id=267\">Fr\u00fchlingsenergien oder welche Wege f\u00fchren zum Entscheidungstr\u00e4ger?<\/a><\/p>\n<p><a href=\"http:\/\/wp1117171.wp112.webpack.hosteurope.de\/thinksbtf\/thinking\/?page_id=269\">Management per Excel-Sheet<\/a><\/p>\n<p><a href=\"http:\/\/wp1117171.wp112.webpack.hosteurope.de\/thinksbtf\/thinking\/?page_id=271\">Die W\u00fcste lebt<\/a><\/p>\n<p><a href=\"http:\/\/wp1117171.wp112.webpack.hosteurope.de\/thinksbtf\/thinking\/?page_id=273\">Das Urlaubsquartal<\/a><\/p>\n<p><a href=\"http:\/\/wp1117171.wp112.webpack.hosteurope.de\/thinksbtf\/thinking\/?page_id=275\">Von der Allgemeinbildung zum Expertensystem<\/a><\/p>\n<p><a href=\"http:\/\/wp1117171.wp112.webpack.hosteurope.de\/thinksbtf\/thinking\/?page_id=277\">Perfektion und Leidensf\u00e4higkeit<\/a><\/p>\n<p>&nbsp;<\/p>\n<p>&nbsp;<\/p>\n","protected":false},"excerpt":{"rendered":"<p>Buchen Sie eine Java-Schulung! Vom Mail-Kollaps und anderem Fr\u00fchlingsenergien oder welche Wege f\u00fchren zum Entscheidungstr\u00e4ger? Management per Excel-Sheet Die W\u00fcste lebt Das Urlaubsquartal Von der Allgemeinbildung zum Expertensystem Perfektion und Leidensf\u00e4higkeit &nbsp; &nbsp;<\/p>\n","protected":false},"author":1,"featured_media":0,"parent":453,"menu_order":19,"comment_status":"closed","ping_status":"closed","template":"","meta":{"footnotes":""},"class_list":["post-116","page","type-page","status-publish","hentry"],"_links":{"self":[{"href":"https:\/\/thinking.holistic-net.de\/index.php?rest_route=\/wp\/v2\/pages\/116","targetHints":{"allow":["GET"]}}],"collection":[{"href":"https:\/\/thinking.holistic-net.de\/index.php?rest_route=\/wp\/v2\/pages"}],"about":[{"href":"https:\/\/thinking.holistic-net.de\/index.php?rest_route=\/wp\/v2\/types\/page"}],"author":[{"embeddable":true,"href":"https:\/\/thinking.holistic-net.de\/index.php?rest_route=\/wp\/v2\/users\/1"}],"replies":[{"embeddable":true,"href":"https:\/\/thinking.holistic-net.de\/index.php?rest_route=%2Fwp%2Fv2%2Fcomments&post=116"}],"version-history":[{"count":8,"href":"https:\/\/thinking.holistic-net.de\/index.php?rest_route=\/wp\/v2\/pages\/116\/revisions"}],"predecessor-version":[{"id":389,"href":"https:\/\/thinking.holistic-net.de\/index.php?rest_route=\/wp\/v2\/pages\/116\/revisions\/389"}],"up":[{"embeddable":true,"href":"https:\/\/thinking.holistic-net.de\/index.php?rest_route=\/wp\/v2\/pages\/453"}],"wp:attachment":[{"href":"https:\/\/thinking.holistic-net.de\/index.php?rest_route=%2Fwp%2Fv2%2Fmedia&parent=116"}],"curies":[{"name":"wp","href":"https:\/\/api.w.org\/{rel}","templated":true}]}}