{"id":113,"date":"2013-01-17T11:38:36","date_gmt":"2013-01-17T11:38:36","guid":{"rendered":"http:\/\/wp1117171.wp153.webpack.hosteurope.de\/thinksbtf\/thinking\/?page_id=113"},"modified":"2013-01-18T17:10:09","modified_gmt":"2013-01-18T17:10:09","slug":"2005-2","status":"publish","type":"page","link":"https:\/\/thinking.holistic-net.de\/?page_id=113&lang=de","title":{"rendered":"2005"},"content":{"rendered":"<p><a href=\"http:\/\/wp1117171.wp112.webpack.hosteurope.de\/thinksbtf\/thinking\/?page_id=279\">Mentale Entspannungs\u00fcbungen<\/a><\/p>\n<p><a href=\"http:\/\/wp1117171.wp112.webpack.hosteurope.de\/thinksbtf\/thinking\/?page_id=280\">Good Guy Microsoft!?<\/a><\/p>\n<p><a href=\"http:\/\/wp1117171.wp112.webpack.hosteurope.de\/thinksbtf\/thinking\/?page_id=282\">Wer f\u00e4hrt so sp\u00e4t durch Nacht und Wind?<\/a><\/p>\n<p><a href=\"http:\/\/wp1117171.wp112.webpack.hosteurope.de\/thinksbtf\/thinking\/?page_id=284\">Grenzen der Intelligenz<\/a><\/p>\n<p><a href=\"http:\/\/wp1117171.wp112.webpack.hosteurope.de\/thinksbtf\/thinking\/?page_id=286\">Over and over again<\/a><\/p>\n<p><a href=\"http:\/\/wp1117171.wp112.webpack.hosteurope.de\/thinksbtf\/thinking\/?page_id=288\">Hard coded \u2013 fest verdrahtet<\/a><\/p>\n<p><a href=\"http:\/\/wp1117171.wp112.webpack.hosteurope.de\/thinksbtf\/thinking\/?page_id=290\">Optimierungspotenziale<\/a><\/p>\n<p><a href=\"http:\/\/wp1117171.wp112.webpack.hosteurope.de\/thinksbtf\/thinking\/?page_id=292\">Analystenpredigt<\/a><\/p>\n","protected":false},"excerpt":{"rendered":"<p>Mentale Entspannungs\u00fcbungen Good Guy Microsoft!? Wer f\u00e4hrt so sp\u00e4t durch Nacht und Wind? Grenzen der Intelligenz Over and over again Hard coded \u2013 fest verdrahtet Optimierungspotenziale Analystenpredigt<\/p>\n","protected":false},"author":1,"featured_media":0,"parent":456,"menu_order":18,"comment_status":"closed","ping_status":"closed","template":"","meta":{"footnotes":""},"class_list":["post-113","page","type-page","status-publish","hentry"],"_links":{"self":[{"href":"https:\/\/thinking.holistic-net.de\/index.php?rest_route=\/wp\/v2\/pages\/113","targetHints":{"allow":["GET"]}}],"collection":[{"href":"https:\/\/thinking.holistic-net.de\/index.php?rest_route=\/wp\/v2\/pages"}],"about":[{"href":"https:\/\/thinking.holistic-net.de\/index.php?rest_route=\/wp\/v2\/types\/page"}],"author":[{"embeddable":true,"href":"https:\/\/thinking.holistic-net.de\/index.php?rest_route=\/wp\/v2\/users\/1"}],"replies":[{"embeddable":true,"href":"https:\/\/thinking.holistic-net.de\/index.php?rest_route=%2Fwp%2Fv2%2Fcomments&post=113"}],"version-history":[{"count":6,"href":"https:\/\/thinking.holistic-net.de\/index.php?rest_route=\/wp\/v2\/pages\/113\/revisions"}],"predecessor-version":[{"id":115,"href":"https:\/\/thinking.holistic-net.de\/index.php?rest_route=\/wp\/v2\/pages\/113\/revisions\/115"}],"up":[{"embeddable":true,"href":"https:\/\/thinking.holistic-net.de\/index.php?rest_route=\/wp\/v2\/pages\/456"}],"wp:attachment":[{"href":"https:\/\/thinking.holistic-net.de\/index.php?rest_route=%2Fwp%2Fv2%2Fmedia&parent=113"}],"curies":[{"name":"wp","href":"https:\/\/api.w.org\/{rel}","templated":true}]}}