{"id":111,"date":"2013-01-17T11:37:36","date_gmt":"2013-01-17T11:37:36","guid":{"rendered":"http:\/\/wp1117171.wp153.webpack.hosteurope.de\/thinksbtf\/thinking\/?page_id=111"},"modified":"2013-01-18T17:12:19","modified_gmt":"2013-01-18T17:12:19","slug":"2006-2","status":"publish","type":"page","link":"https:\/\/thinking.holistic-net.de\/?page_id=111&lang=de","title":{"rendered":"2006"},"content":{"rendered":"<p><a href=\"http:\/\/wp1117171.wp112.webpack.hosteurope.de\/thinksbtf\/thinking\/?page_id=296\">Globale Ballspiele 1427<\/a><\/p>\n<p><a href=\"http:\/\/wp1117171.wp112.webpack.hosteurope.de\/thinksbtf\/thinking\/?page_id=296\">Fr\u00fchjahrliche Motivationssch\u00fcbe<\/a><\/p>\n<p><a href=\"http:\/\/wp1117171.wp112.webpack.hosteurope.de\/thinksbtf\/thinking\/?page_id=298\">SOA f\u00fcr den Hormonspiegel \u2013 die wahre Auspr\u00e4gung<\/a><\/p>\n<p><a href=\"http:\/\/wp1117171.wp112.webpack.hosteurope.de\/thinksbtf\/thinking\/?page_id=300\">Amerikaner in Karlsruhe<\/a><\/p>\n<p><a href=\"http:\/\/wp1117171.wp112.webpack.hosteurope.de\/thinksbtf\/thinking\/?page_id=302\">Nat\u00fcrliche Auslese durch Lenovo<\/a><\/p>\n<p><a href=\"http:\/\/wp1117171.wp112.webpack.hosteurope.de\/thinksbtf\/thinking\/?page_id=304\">Moderne Kommunikation<\/a><\/p>\n<p><a href=\"http:\/\/wp1117171.wp112.webpack.hosteurope.de\/thinksbtf\/thinking\/?page_id=308\">Die Kunst des Nein-Sagens<\/a><\/p>\n<p><a href=\"http:\/\/wp1117171.wp112.webpack.hosteurope.de\/thinksbtf\/thinking\/?page_id=310\">Die Karusselle der Gro\u00dfen<\/a><\/p>\n","protected":false},"excerpt":{"rendered":"<p>Globale Ballspiele 1427 Fr\u00fchjahrliche Motivationssch\u00fcbe SOA f\u00fcr den Hormonspiegel \u2013 die wahre Auspr\u00e4gung Amerikaner in Karlsruhe Nat\u00fcrliche Auslese durch Lenovo Moderne Kommunikation Die Kunst des Nein-Sagens Die Karusselle der Gro\u00dfen<\/p>\n","protected":false},"author":1,"featured_media":0,"parent":456,"menu_order":17,"comment_status":"closed","ping_status":"closed","template":"","meta":{"footnotes":""},"class_list":["post-111","page","type-page","status-publish","hentry"],"_links":{"self":[{"href":"https:\/\/thinking.holistic-net.de\/index.php?rest_route=\/wp\/v2\/pages\/111","targetHints":{"allow":["GET"]}}],"collection":[{"href":"https:\/\/thinking.holistic-net.de\/index.php?rest_route=\/wp\/v2\/pages"}],"about":[{"href":"https:\/\/thinking.holistic-net.de\/index.php?rest_route=\/wp\/v2\/types\/page"}],"author":[{"embeddable":true,"href":"https:\/\/thinking.holistic-net.de\/index.php?rest_route=\/wp\/v2\/users\/1"}],"replies":[{"embeddable":true,"href":"https:\/\/thinking.holistic-net.de\/index.php?rest_route=%2Fwp%2Fv2%2Fcomments&post=111"}],"version-history":[{"count":9,"href":"https:\/\/thinking.holistic-net.de\/index.php?rest_route=\/wp\/v2\/pages\/111\/revisions"}],"predecessor-version":[{"id":366,"href":"https:\/\/thinking.holistic-net.de\/index.php?rest_route=\/wp\/v2\/pages\/111\/revisions\/366"}],"up":[{"embeddable":true,"href":"https:\/\/thinking.holistic-net.de\/index.php?rest_route=\/wp\/v2\/pages\/456"}],"wp:attachment":[{"href":"https:\/\/thinking.holistic-net.de\/index.php?rest_route=%2Fwp%2Fv2%2Fmedia&parent=111"}],"curies":[{"name":"wp","href":"https:\/\/api.w.org\/{rel}","templated":true}]}}